{"id":23818,"date":"2025-07-03T08:26:44","date_gmt":"2025-07-03T08:26:44","guid":{"rendered":"https:\/?post_type=product&#038;p=23818"},"modified":"2025-11-30T21:22:43","modified_gmt":"2025-11-30T21:22:43","slug":"custom-food-labels","status":"publish","type":"product","link":"https:\/\/www.sahlshop.com\/en\/custom-food-labels\/","title":{"rendered":"Custom Food Labels"},"content":{"rendered":"<h1>Custom Food Labels<\/h1>\n<p>Make your products more professional and appealing with water-resistant food labels from Sahl Shop. Designed to withstand moisture and environmental changes, ensuring that the print remains clear and beautiful for a long time. Ideal for various types of packaging, whether you sell baked goods, juices, frozen products, or other food items.<\/p>\n<h3>Specifications for Food Labels:<\/h3>\n<p>\u2022 Material: Water-resistant plastic<br \/>\n\u2022 Sheet Size: A4: 21 \u00d7 30 cm<br \/>\n\u2022 Sticker Sizes : 3 \u00d7 3 cm, 4 \u00d7 5 cm , 5 \u00d7 5 cm, 5 \u00d7 7 cm, 7 \u00d7 7 cm , 9 \u00d7 5 cm\u00a0 , 13 \u00d7 13 cm<br \/>\n\u2022 Material: waterproof plastic<br \/>\n\u2022 Lamination: No lamination, glossy, matte<br \/>\nYou can customize the sticker in shape and size to suit your needs, noting that printing is done on A4 sheets and cannot exceed the specified size for this sheet.<br \/>\n\u2022 Printing: Single-sided<br \/>\n\u2022 Quantity: 5, 10, 20, 50, 100, 500,1000 sheet<\/p>\n<p>(For custom orders, request a quote from Sahl Shop)<\/p>\n<h3>Printing time:<\/h3>\n<p>\u2022 Printing Time: Our<strong> fast printing<\/strong> process takes 2 to 3 business days after final design approval. (Production time may vary depending on quantity.)<\/p>\n<h3>Delivery &amp; shipping time :<\/h3>\n<p>\u2022Delivery &amp; Shipping: We offer <strong>fast shipping<\/strong> with a delivery time ranging from 24 to 48 hours at most.<\/p>\n<h3>Features for Food Labels:<\/h3>\n<p>\u2714 Water-resistant to maintain quality even when exposed to liquids<br \/>\n\u2714 Clear, high-resolution printing with long-lasting vibrant colours<br \/>\n\u2714 Easy to apply on various types of containers and bottles<br \/>\n\u2714 Available in multiple sizes to suit different applications<\/p>\n<h3>Uses for Food Labels:<\/h3>\n<p>\u2022 Packaging food products such as containers, bottles, and bags<br \/>\n\u2022 Informational labels for ingredients and food warnings<br \/>\n\u2022 Branding labels to distinguish your products in the market<br \/>\n\u2022 Use in restaurants, caf\u00e9s, and bakeries to enhance brand identity<\/p>\n<h3>Why Choose Our Food Labels?<\/h3>\n<p>\u2022 Exceptional Quality: We use the best materials to ensure durability and ease of use.<br \/>\n\u2022 Attention to Detail: At Sahl Shop, we ensure that every product reflects the uniqueness and significance of your brand.<br \/>\n\u2022 Outstanding Customer Service: The Sahl Shop team is here to assist you at every step, from design to delivery.<br \/>\n\u2022 Competitive Pricing: We offer exceptional quality at affordable prices, allowing you to get the best without compromising on quality.<\/p>\n<h3>Custom &amp; Design Food Labels from Sahl Shop :<\/h3>\n<p>You can easily create your label by uploading your own design or choosing from our ready-made templates tailored for various industries. You can also design directly on the Sahl Shop website, adding text, logos, and images to customize your label to match your brand identity and customize the shape and style you want ..<\/p>\n<p>You need to know Types of <a href=\"https:\/\/www.sahlshop.com\/en\/printing\/stickers\/\">Custom Stickers<\/a><\/p>\n<h4>Important Notes:<\/h4>\n<p>\u2022 Design Review: After placing your order, we will review your uploaded or created design. If there are any issues with image quality or design, the Sahl Shop team will contact you via email.<br \/>\nFor custom orders, please request a quote via our website or<br \/>\n<a href=\"mailto:design@sahlshop.com\">design@sahlshop.com<\/a><\/p>\n","protected":false},"excerpt":{"rendered":"<p>Custom Food Labels Make your products more professional and appealing with water-resistant food labels from Sahl Shop. Designed to withstand moisture and environmental changes, ensuring that the print remains clear and beautiful for a long time. Ideal for various types of packaging, whether you sell baked goods, juices, frozen products, or other food items. Specifications [&hellip;]<\/p>\n","protected":false},"featured_media":32505,"template":"","meta":{"_acf_changed":false,"inline_featured_image":false},"product_brand":[],"product_cat":[1117],"product_tag":[],"class_list":{"0":"post-23818","1":"product","2":"type-product","3":"status-publish","4":"has-post-thumbnail","6":"product_cat-stickers","8":"first","9":"instock","10":"sale","11":"taxable","12":"shipping-taxable","13":"purchasable","14":"product-type-variable"},"acf":[],"_links":{"self":[{"href":"https:\/\/www.sahlshop.com\/en\/wp-json\/wp\/v2\/product\/23818","targetHints":{"allow":["GET"]}}],"collection":[{"href":"https:\/\/www.sahlshop.com\/en\/wp-json\/wp\/v2\/product"}],"about":[{"href":"https:\/\/www.sahlshop.com\/en\/wp-json\/wp\/v2\/types\/product"}],"wp:featuredmedia":[{"embeddable":true,"href":"https:\/\/www.sahlshop.com\/en\/wp-json\/wp\/v2\/media\/32505"}],"wp:attachment":[{"href":"https:\/\/www.sahlshop.com\/en\/wp-json\/wp\/v2\/media?parent=23818"}],"wp:term":[{"taxonomy":"product_brand","embeddable":true,"href":"https:\/\/www.sahlshop.com\/en\/wp-json\/wp\/v2\/product_brand?post=23818"},{"taxonomy":"product_cat","embeddable":true,"href":"https:\/\/www.sahlshop.com\/en\/wp-json\/wp\/v2\/product_cat?post=23818"},{"taxonomy":"product_tag","embeddable":true,"href":"https:\/\/www.sahlshop.com\/en\/wp-json\/wp\/v2\/product_tag?post=23818"}],"curies":[{"name":"wp","href":"https:\/\/api.w.org\/{rel}","templated":true}]}}