{"id":20014,"date":"2023-10-19T11:18:05","date_gmt":"2023-10-19T11:18:05","guid":{"rendered":"https:\/product\/%d8%b3%d8%b7%d8%ad-%d8%b9%d9%85%d9%84-%d8%a3%d9%83%d8%b1%d9%8a%d9%84%d9%8a%d9%83\/"},"modified":"2025-10-28T10:55:39","modified_gmt":"2025-10-28T10:55:39","slug":"%d8%a7%d9%83%d8%b1%d9%8a%d9%84%d9%8a%d9%83-%d9%83%d8%a7%d9%88%d9%86%d8%aa%d8%b1-%d8%aa%d9%88%d8%a8","status":"publish","type":"product","link":"https:\/\/www.sahlshop.com\/ar\/%d8%a7%d9%83%d8%b1%d9%8a%d9%84%d9%8a%d9%83-%d9%83%d8%a7%d9%88%d9%86%d8%aa%d8%b1-%d8%aa%d9%88%d8%a8\/","title":{"rendered":"\u0627\u0643\u0631\u064a\u0644\u064a\u0643 \u0643\u0627\u0648\u0646\u062a\u0631 \u062a\u0648\u0628 \u0644\u0644\u0645\u0639\u0627\u0631\u0636"},"content":{"rendered":"<h1 style=\"text-align: right;\">\u0627\u0643\u0631\u064a\u0644\u064a\u0643 \u0643\u0627\u0648\u0646\u062a\u0631 \u062a\u0648\u0628 \u0644\u0644\u0645\u0639\u0627\u0631\u0636<\/h1>\n<p style=\"text-align: right;\">\u064a\u064f\u0639\u062a\u0628\u0631 \u0627\u0643\u0631\u064a\u0644\u064a\u0643 \u0643\u0627\u0648\u0646\u062a\u0631 \u062a\u0648\u0628 \u0644\u0644\u0645\u0639\u0627\u0631\u0636 \u0627\u0644\u062e\u064a\u0627\u0631 \u0627\u0644\u0645\u062b\u0627\u0644\u064a \u0644\u0639\u0631\u0636 \u0645\u0646\u062a\u062c\u0627\u062a\u0643 \u0628\u0623\u0633\u0644\u0648\u0628 \u0639\u0635\u0631\u064a \u0648\u0627\u062d\u062a\u0631\u0627\u0641\u064a\u060c \u0633\u0648\u0627\u0621 \u0641\u064a \u0645\u062a\u0627\u062c\u0631\u0643 \u0623\u0648 \u0641\u0639\u0627\u0644\u064a\u0627\u062a\u0643. \u0628\u0641\u0636\u0644 \u062a\u0635\u0645\u064a\u0645\u0647 \u0627\u0644\u0623\u0646\u064a\u0642 \u0627\u0644\u0630\u064a \u064a\u062c\u0645\u0639 \u0628\u064a\u0646 \u0627\u0644\u0639\u0645\u0644\u064a\u0629 \u0648\u0627\u0644\u062c\u0627\u0630\u0628\u064a\u0629\u060c \u064a\u062a\u064a\u062d \u0644\u0643 \u0639\u0631\u0636 \u0627\u0644\u0645\u0646\u062a\u062c\u0627\u062a \u0628\u0637\u0631\u064a\u0642\u0629 \u0645\u0628\u062a\u0643\u0631\u0629 \u062a\u0639\u0632\u0632 \u0645\u0646 \u0642\u064a\u0645\u062a\u0647\u0627 \u0648\u062a\u062c\u0630\u0628 \u0627\u0644\u0639\u0645\u0644\u0627\u0621. \u064a\u064f\u0635\u0646\u0639 \u0627\u0644\u0643\u0627\u0648\u0646\u062a\u0631\u062a\u0648\u0628 \u0628\u0627\u0633\u062a\u062e\u062f\u0627\u0645 \u0645\u0627\u062f\u0629 \u0627\u0644\u0623\u0643\u0631\u064a\u0644\u064a\u0643 \u0639\u0627\u0644\u064a\u0629 \u0627\u0644\u062c\u0648\u062f\u0629\u060c \u0645\u0645\u0627 \u064a\u0636\u0645\u0646 \u0645\u0638\u0647\u0631\u064b\u0627 \u0645\u0645\u064a\u0632\u064b\u0627 \u0648\u062b\u0628\u0627\u062a\u064b\u0627 \u0643\u0627\u0641\u064a\u064b\u0627 \u0644\u0644\u0645\u0646\u062a\u062c\u0627\u062a \u062e\u0641\u064a\u0641\u0629 \u0627\u0644\u0648\u0632\u0646\u060c \u0644\u064a\u0643\u0648\u0646 \u0627\u0644\u062d\u0644 \u0627\u0644\u0623\u0645\u062b\u0644 \u0644\u0644\u0639\u0631\u0648\u0636 \u0627\u0644\u062a\u064a \u062a\u062a\u0637\u0644\u0628 \u0645\u0638\u0647\u0631\u064b\u0627 \u062c\u0630\u0627\u0628\u064b\u0627 \u0648\u0633\u0647\u0644 \u0627\u0644\u0627\u0633\u062a\u062e\u062f\u0627\u0645<\/p>\n<h2 style=\"text-align: right;\">\u0645\u0648\u0627\u0635\u0641\u0627\u062a \u0627\u0643\u0631\u064a\u0644\u064a\u0643 \u0643\u0627\u0648\u0646\u062a\u0631 \u062a\u0648\u0628 \u0644\u0644\u0645\u0639\u0627\u0631\u0636<\/h2>\n<p style=\"text-align: right;\">\u00a0\u0627\u0644\u0645\u0627\u062f\u0629: \u0623\u0643\u0631\u064a\u0644\u064a\u0643 \u0639\u0627\u0644\u064a \u0627\u0644\u062c\u0648\u062f\u0629\u060c \u0645\u062a\u064a\u0646 \u0648\u062e\u0641\u064a\u0641 \u0627\u0644\u0648\u0632\u0646<br \/>\n\u0627\u0644\u0645\u0642\u0627\u0633\u0627\u062a: 20 \u00d7 10 cm, 25 \u00d7 12 cm , 30 \u00d7 15 cm, 40 \u00d7 20 cm , 50 \u00d7 25 cm, 60 \u00d7 30 cm<br \/>\n\u0644\u0644\u0627\u062e\u062a\u064a\u0627\u0631\u0627\u062a \u0627\u0644\u0645\u062e\u0635\u0635\u0629 \u0645\u0646 \u0627\u0644\u0623\u062d\u062c\u0627\u0645\u060c \u0627\u0644\u0623\u0644\u0648\u0627\u0646\u060c \u0648\u0627\u0644\u062a\u0635\u0627\u0645\u064a\u0645\u060c \u064a\u0645\u0643\u0646\u0643 \u0637\u0644\u0628 \u0639\u0631\u0636 \u0633\u0639\u0631 \u064a\u062a\u0646\u0627\u0633\u0628 \u0645\u0639 \u0627\u062d\u062a\u064a\u0627\u062c\u0627\u062a\u0643 \u0627\u0644\u062e\u0627\u0635\u0629<\/p>\n<h2 style=\"text-align: right;\">\u0648\u0642\u062a \u0627\u0644\u0637\u0628\u0627\u0639\u0629 \u0648\u0627\u0644\u062a\u0646\u0641\u064a\u0630<\/h2>\n<p style=\"text-align: right;\">\u0648\u0642\u062a \u0627\u0644\u0637\u0628\u0627\u0639\u0629 \u0648\u0627\u0644\u062a\u0646\u0641\u064a\u0630: \u062a\u062e\u062a\u0644\u0641 \u0627\u0644\u0645\u062f\u0629 \u062d\u0633\u0628 \u0627\u0644\u0643\u0645\u064a\u0629 \u0648\u0627\u0644\u0646\u0648\u0639\u064a\u0629 \u0627\u0644\u062a\u064a \u064a\u0637\u0644\u0628\u0647\u0627 \u0627\u0644\u0639\u0645\u064a\u0644<\/p>\n<h2 style=\"text-align: right;\">\u0648\u0642\u062a \u0627\u0644\u062a\u0648\u0635\u064a\u0644 \u0648\u0627\u0644\u0634\u062d\u0646<\/h2>\n<p style=\"text-align: right;\">\u0627\u0644\u062a\u0648\u0635\u064a\u0644 \u0648\u0627\u0644\u0634\u062d\u0646: \u0646\u0648\u0641\u0631 \u0634\u062d\u0646\u064b\u0627 \u0633\u0631\u064a\u0639\u064b\u0627 \u0628\u0645\u062f\u0629 \u062a\u0648\u0635\u064a\u0644 \u062a\u062a\u0631\u0627\u0648\u062d \u0628\u064a\u0646 24 \u0625\u0644\u0649 48 \u0633\u0627\u0639\u0629 \u0643\u062d\u062f \u0623\u0642\u0635\u0649<\/p>\n<h2 style=\"text-align: right;\">\u0645\u0645\u064a\u0632\u0627\u062a \u0627\u0643\u0631\u064a\u0644\u064a\u0643 \u0643\u0627\u0648\u0646\u062a\u0631 \u062a\u0648\u0628 \u0644\u0644\u0645\u0639\u0627\u0631\u0636<\/h2>\n<p style=\"text-align: right;\">\u00a0\u062a\u0635\u0645\u064a\u0645 \u0623\u0646\u064a\u0642 \u0648\u0639\u0635\u0631\u064a: \u064a\u062a\u0645\u064a\u0632 \u0628\u062a\u0635\u0645\u064a\u0645 \u0641\u062e\u0645 \u064a\u0639\u0632\u0632 \u0645\u0646 \u062c\u0627\u0630\u0628\u064a\u0629 \u0627\u0644\u0645\u0646\u062a\u062c\u0627\u062a \u0627\u0644\u0645\u0639\u0631\u0648\u0636\u0629<br \/>\n\u0645\u0627\u062f\u0629 \u0639\u0627\u0644\u064a\u0629 \u0627\u0644\u062c\u0648\u062f\u0629: \u0627\u0644\u0623\u0643\u0631\u064a\u0644\u064a\u0643 \u0627\u0644\u0645\u0633\u062a\u062e\u062f\u0645 \u064a\u0636\u0645\u0646 \u0648\u0636\u0648\u062d\u064b\u0627 \u0628\u0635\u0631\u064a\u064b\u0627 \u0631\u0627\u0626\u0639\u064b\u0627 \u0648\u0645\u062a\u0627\u0646\u0629 \u062a\u062f\u0648\u0645 \u0637\u0648\u064a\u0644\u0627\u064b<br \/>\n\u0645\u0644\u0627\u0626\u0645 \u0644\u0644\u0645\u0646\u062a\u062c\u0627\u062a \u062e\u0641\u064a\u0641\u0629 \u0627\u0644\u0648\u0632\u0646: \u0645\u0635\u0645\u0645 \u062e\u0635\u064a\u0635\u064b\u0627 \u0644\u064a\u062d\u0645\u0644 \u0627\u0644\u0645\u0646\u062a\u062c\u0627\u062a \u0627\u0644\u0635\u063a\u064a\u0631\u0629 \u0648\u062e\u0641\u064a\u0641\u0629 \u0627\u0644\u0648\u0632\u0646 \u0628\u0634\u0643\u0644 \u0622\u0645\u0646 \u0648\u062c\u0630\u0627\u0628<br \/>\n\u0633\u0647\u0648\u0644\u0629 \u0627\u0644\u0635\u064a\u0627\u0646\u0629: \u064a\u062a\u0645\u064a\u0632 \u0628\u0633\u0637\u062d \u0623\u0645\u0644\u0633 \u064a\u0633\u0647\u0644 \u062a\u0646\u0638\u064a\u0641\u0647\u060c \u0645\u0645\u0627 \u064a\u062c\u0639\u0644\u0647 \u062f\u0627\u0626\u0645 \u0627\u0644\u062a\u0623\u0644\u0642<br \/>\n\u0623\u062d\u062c\u0627\u0645 \u0645\u062a\u0646\u0648\u0639\u0629: \u064a\u0648\u0641\u0631 \u062e\u064a\u0627\u0631\u0627\u062a \u0645\u062a\u0639\u062f\u062f\u0629 \u062a\u0646\u0627\u0633\u0628 \u0645\u062e\u062a\u0644\u0641 \u0627\u0644\u0645\u0633\u0627\u062d\u0627\u062a \u0648\u0627\u062d\u062a\u064a\u0627\u062c\u0627\u062a \u0627\u0644\u0639\u0631\u0636<br \/>\n\u0625\u0645\u0643\u0627\u0646\u064a\u0629 \u0627\u0644\u062a\u062e\u0635\u064a\u0635: \u064a\u0645\u0643\u0646 \u062a\u062e\u0635\u064a\u0635 \u0627\u0644\u062d\u062c\u0645\u060c \u0627\u0644\u0644\u0648\u0646\u060c \u0648\u0627\u0644\u062a\u0635\u0645\u064a\u0645 \u062d\u0633\u0628 \u0645\u062a\u0637\u0644\u0628\u0627\u062a\u0643 \u0627\u0644\u062e\u0627\u0635\u0629<br \/>\n\u062e\u0641\u0629 \u0627\u0644\u0648\u0632\u0646: \u062e\u0641\u064a\u0641 \u0648\u0633\u0647\u0644 \u0627\u0644\u0646\u0642\u0644\u060c \u0645\u0645\u0627 \u064a\u062c\u0639\u0644\u0647 \u0645\u062b\u0627\u0644\u064a\u064b\u0627 \u0644\u0644\u0627\u0633\u062a\u062e\u062f\u0627\u0645 \u0641\u064a \u0627\u0644\u0645\u0639\u0627\u0631\u0636 \u0648\u0627\u0644\u0641\u0639\u0627\u0644\u064a\u0627\u062a<\/p>\n<h2 style=\"text-align: right;\">\u0644\u0645\u0627\u0630\u0627 \u062a\u062e\u062a\u0627\u0631 \u0627\u0643\u0631\u064a\u0644\u064a\u0643 \u0643\u0627\u0648\u0646\u062a\u0631 \u062a\u0648\u0628 \u0644\u0644\u0645\u0639\u0627\u0631\u0636\u061f<\/h2>\n<p style=\"text-align: right;\">\u00a0\u062c\u0648\u062f\u0629 \u0627\u0633\u062a\u062b\u0646\u0627\u0626\u064a\u0629: \u0646\u0642\u062f\u0645 \u0645\u0646\u062a\u062c\u0627\u062a \u0645\u0635\u0646\u0648\u0639\u0629 \u0645\u0646 \u0623\u062c\u0648\u062f \u0627\u0644\u0645\u0648\u0627\u062f \u0644\u062a\u0636\u0645\u0646 \u0644\u0643 \u0623\u062f\u0627\u0621\u064b \u0645\u0645\u064a\u0632\u064b\u0627 \u0648\u0645\u0638\u0647\u0631\u064b\u0627 \u0623\u0646\u064a\u0642\u064b\u0627<br \/>\n\u062e\u064a\u0627\u0631\u0627\u062a \u062a\u062e\u0635\u064a\u0635 \u0645\u0631\u0646\u0629: \u064a\u0645\u0643\u0646\u0646\u0627 \u062a\u0646\u0641\u064a\u0630 \u0637\u0644\u0628\u0627\u062a \u0645\u062e\u0635\u0635\u0629 \u062a\u0646\u0627\u0633\u0628 \u0627\u062d\u062a\u064a\u0627\u062c\u0627\u062a\u0643 \u0627\u0644\u062f\u0642\u064a\u0642\u0629<br \/>\n\u0623\u0633\u0639\u0627\u0631 \u062a\u0646\u0627\u0641\u0633\u064a\u0629: \u062c\u0648\u062f\u0629 \u0639\u0627\u0644\u064a\u0629 \u0628\u0623\u0633\u0639\u0627\u0631 \u0645\u0646\u0627\u0633\u0628\u0629\u060c \u0645\u0645\u0627 \u064a\u062a\u064a\u062d \u0644\u0643 \u0627\u0644\u062d\u0635\u0648\u0644 \u0639\u0644\u0649 \u0645\u0646\u062a\u062c \u0645\u062a\u0645\u064a\u0632 \u0628\u0623\u0641\u0636\u0644 \u0633\u0639\u0631<\/p>\n<p style=\"text-align: right;\"><strong>\u0644\u0637\u0644\u0628 \u0639\u0631\u0636 \u0633\u0639\u0631 \u0645\u062e\u0635\u0635<\/strong><\/p>\n<p style=\"text-align: right;\">\u064a\u0631\u062c\u0649 \u062a\u0632\u0648\u064a\u062f\u0646\u0627 \u0628\u0627\u0644\u0645\u0648\u0627\u0635\u0641\u0627\u062a \u0627\u0644\u062f\u0642\u064a\u0642\u0629 \u0648\u0627\u0644\u0645\u0641\u0635\u0644\u0629 \u0644\u062a\u0644\u0628\u064a\u0629 \u0627\u062d\u062a\u064a\u0627\u062c\u0627\u062a\u0643 \u0628\u0623\u0639\u0644\u0649 \u0645\u0633\u062a\u0648\u0649. \u062a\u0634\u0645\u0644 \u0627\u0644\u062a\u0641\u0627\u0635\u064a\u0644 \u0627\u0644\u0645\u0637\u0644\u0648\u0628\u0629<br \/>\n\u0627\u0644\u0623\u0628\u0639\u0627\u062f \u0648\u0627\u0644\u0645\u0642\u0627\u0633\u0627\u062a: \u064a\u0631\u062c\u0649 \u062a\u062d\u062f\u064a\u062f \u0627\u0644\u0623\u0628\u0639\u0627\u062f \u0628\u062f\u0642\u0629 \u0648\u0628\u0634\u0643\u0644 \u062a\u0641\u0635\u064a\u0644\u064a \u0644\u062a\u062a\u0646\u0627\u0633\u0628 \u0645\u0639 \u0645\u062a\u0637\u0644\u0628\u0627\u062a\u0643<br \/>\n\u0646\u0648\u0639 \u0627\u0644\u0645\u0627\u062f\u0629: \u062a\u062d\u062f\u064a\u062f \u0627\u0644\u0645\u0627\u062f\u0629 \u0627\u0644\u0645\u0637\u0644\u0648\u0628\u0629 \u0645\u062b\u0644 \u0646\u0648\u0639 \u0627\u0644\u0627\u0643\u0631\u0644\u064a\u0643 \u0623\u0648 \u0623\u064a \u0645\u0627\u062f\u0629 \u0623\u062e\u0631\u0649 \u062a\u0631\u063a\u0628 \u0628\u0627\u0633\u062a\u062e\u062f\u0627\u0645\u0647\u0627<br \/>\n\u0627\u0644\u062a\u0635\u0627\u0645\u064a\u0645: \u0631\u0641\u0639 \u0627\u0644\u062a\u0635\u0627\u0645\u064a\u0645 \u0628\u062f\u0642\u0629 \u0639\u0627\u0644\u064a\u0629 \u0645\u0639 \u0634\u0631\u062d \u0634\u0627\u0645\u0644 \u064a\u0634\u0645\u0644 \u062c\u0645\u064a\u0639 \u0627\u0644\u062a\u0641\u0627\u0635\u064a\u0644 \u0627\u0644\u0644\u0627\u0632\u0645\u0629<br \/>\n\u0627\u0644\u0623\u0644\u0648\u0627\u0646 \u0627\u0644\u0645\u062e\u062a\u0627\u0631\u0629: \u0627\u062e\u062a\u064a\u0627\u0631 \u0627\u0644\u0623\u0644\u0648\u0627\u0646 \u0627\u0644\u062a\u064a \u062a\u0641\u0636\u0644\u0647\u0627 \u0645\u0639 \u0630\u0643\u0631 \u0627\u0644\u0623\u0643\u0648\u0627\u062f \u0627\u0644\u0644\u0648\u0646\u064a\u0629 \u0625\u0646 \u0623\u0645\u0643\u0646 \u0644\u0636\u0645\u0627\u0646 \u062a\u0637\u0627\u0628\u0642\u0647\u0627 \u0645\u0639 \u062a\u0635\u0645\u064a\u0645\u0643 \u0639\u0646\u062f \u0627\u0644\u0637\u0628\u0627\u0639\u0629<\/p>\n<p style=\"text-align: right;\">\u062a\u0639\u0631\u0641 \u0639\u0644\u0649 \u0643\u0644 \u0623\u0646\u0648\u0627\u0639 <a href=\"https:\/\/www.sahlshop.com\/ar\/%d8%b3%d8%aa%d8%a7%d9%86%d8%af%d8%a7%d8%aa\/\">\u0633\u062a\u0627\u0646\u062f\u0627\u062a \u0627\u0644\u0645\u0639\u0627\u0631\u0636<\/a> \u0648\u0627\u0644\u0645\u0624\u062a\u0645\u0631\u0627\u062a<\/p>\n<h4 style=\"text-align: right;\">\u062a\u0648\u0636\u064a\u062d\u0627\u062a \u0647\u0627\u0645\u0629<\/h4>\n<p style=\"text-align: right;\">\u2022 \u0633\u064a\u062a\u0645 \u0645\u0631\u0627\u062c\u0639\u0629 \u0627\u0644\u0637\u0644\u0628\u0627\u062a \u0627\u0644\u0645\u062e\u0635\u0635\u0629 \u0628\u062f\u0642\u0629\u060c \u0648\u0641\u064a \u062d\u0627\u0644 \u0648\u062c\u0648\u062f \u0623\u064a \u0627\u0633\u062a\u0641\u0633\u0627\u0631\u0627\u062a \u0623\u0648 \u0645\u0644\u0627\u062d\u0638\u0627\u062a\u060c \u0633\u064a\u0642\u0648\u0645 \u0641\u0631\u064a\u0642\u0646\u0627 \u0628\u0627\u0644\u062a\u0648\u0627\u0635\u0644 \u0645\u0639\u0643<br \/>\n\u0644\u0644\u0627\u0633\u062a\u0641\u0633\u0627\u0631\u0627\u062a \u0648\u0627\u0644\u0637\u0644\u0628\u0627\u062a \u0627\u0644\u0645\u062e\u0635\u0635\u0629<br \/>\n<a href=\"mailto:design@sahlshop.com\">design@sahlshop.com<\/a><\/p>\n","protected":false},"excerpt":{"rendered":"<p>\u0627\u0643\u0631\u064a\u0644\u064a\u0643 \u0643\u0627\u0648\u0646\u062a\u0631 \u062a\u0648\u0628 \u0644\u0644\u0645\u0639\u0627\u0631\u0636 \u064a\u064f\u0639\u062a\u0628\u0631 \u0627\u0643\u0631\u064a\u0644\u064a\u0643 \u0643\u0627\u0648\u0646\u062a\u0631 \u062a\u0648\u0628 \u0644\u0644\u0645\u0639\u0627\u0631\u0636 \u0627\u0644\u062e\u064a\u0627\u0631 \u0627\u0644\u0645\u062b\u0627\u0644\u064a \u0644\u0639\u0631\u0636 \u0645\u0646\u062a\u062c\u0627\u062a\u0643 \u0628\u0623\u0633\u0644\u0648\u0628 \u0639\u0635\u0631\u064a \u0648\u0627\u062d\u062a\u0631\u0627\u0641\u064a\u060c \u0633\u0648\u0627\u0621 \u0641\u064a \u0645\u062a\u0627\u062c\u0631\u0643 \u0623\u0648 \u0641\u0639\u0627\u0644\u064a\u0627\u062a\u0643. \u0628\u0641\u0636\u0644 \u062a\u0635\u0645\u064a\u0645\u0647 \u0627\u0644\u0623\u0646\u064a\u0642 \u0627\u0644\u0630\u064a \u064a\u062c\u0645\u0639 \u0628\u064a\u0646 \u0627\u0644\u0639\u0645\u0644\u064a\u0629 \u0648\u0627\u0644\u062c\u0627\u0630\u0628\u064a\u0629\u060c \u064a\u062a\u064a\u062d \u0644\u0643 \u0639\u0631\u0636 \u0627\u0644\u0645\u0646\u062a\u062c\u0627\u062a \u0628\u0637\u0631\u064a\u0642\u0629 \u0645\u0628\u062a\u0643\u0631\u0629 \u062a\u0639\u0632\u0632 \u0645\u0646 \u0642\u064a\u0645\u062a\u0647\u0627 \u0648\u062a\u062c\u0630\u0628 \u0627\u0644\u0639\u0645\u0644\u0627\u0621. \u064a\u064f\u0635\u0646\u0639 \u0627\u0644\u0643\u0627\u0648\u0646\u062a\u0631\u062a\u0648\u0628 \u0628\u0627\u0633\u062a\u062e\u062f\u0627\u0645 \u0645\u0627\u062f\u0629 \u0627\u0644\u0623\u0643\u0631\u064a\u0644\u064a\u0643 \u0639\u0627\u0644\u064a\u0629 \u0627\u0644\u062c\u0648\u062f\u0629\u060c \u0645\u0645\u0627 \u064a\u0636\u0645\u0646 \u0645\u0638\u0647\u0631\u064b\u0627 \u0645\u0645\u064a\u0632\u064b\u0627 \u0648\u062b\u0628\u0627\u062a\u064b\u0627 \u0643\u0627\u0641\u064a\u064b\u0627 \u0644\u0644\u0645\u0646\u062a\u062c\u0627\u062a \u062e\u0641\u064a\u0641\u0629 [&hellip;]<\/p>\n","protected":false},"featured_media":30655,"template":"","meta":{"_acf_changed":false,"inline_featured_image":false},"product_brand":[],"product_cat":[1204,1157],"product_tag":[],"class_list":{"0":"post-20014","1":"product","2":"type-product","3":"status-publish","4":"has-post-thumbnail","6":"product_cat-1204","7":"product_cat-1157","9":"first","10":"instock","11":"taxable","12":"shipping-taxable","13":"purchasable","14":"product-type-variable"},"acf":[],"_links":{"self":[{"href":"https:\/\/www.sahlshop.com\/ar\/wp-json\/wp\/v2\/product\/20014","targetHints":{"allow":["GET"]}}],"collection":[{"href":"https:\/\/www.sahlshop.com\/ar\/wp-json\/wp\/v2\/product"}],"about":[{"href":"https:\/\/www.sahlshop.com\/ar\/wp-json\/wp\/v2\/types\/product"}],"wp:featuredmedia":[{"embeddable":true,"href":"https:\/\/www.sahlshop.com\/ar\/wp-json\/wp\/v2\/media\/30655"}],"wp:attachment":[{"href":"https:\/\/www.sahlshop.com\/ar\/wp-json\/wp\/v2\/media?parent=20014"}],"wp:term":[{"taxonomy":"product_brand","embeddable":true,"href":"https:\/\/www.sahlshop.com\/ar\/wp-json\/wp\/v2\/product_brand?post=20014"},{"taxonomy":"product_cat","embeddable":true,"href":"https:\/\/www.sahlshop.com\/ar\/wp-json\/wp\/v2\/product_cat?post=20014"},{"taxonomy":"product_tag","embeddable":true,"href":"https:\/\/www.sahlshop.com\/ar\/wp-json\/wp\/v2\/product_tag?post=20014"}],"curies":[{"name":"wp","href":"https:\/\/api.w.org\/{rel}","templated":true}]}}